{"id":2,"date":"2025-12-31T21:52:32","date_gmt":"2025-12-31T21:52:32","guid":{"rendered":"http:\/\/oscar-ballons.com\/?page_id=2"},"modified":"2026-01-09T22:23:13","modified_gmt":"2026-01-09T21:23:13","slug":"sample-page","status":"publish","type":"page","link":"https:\/\/oscar-ballons.com\/","title":{"rendered":"Professionnel en d\u00e9corations ballons depuis 2009"},"content":{"rendered":"\n<p><\/p>\n\n\n\n<h1 class=\"wp-block-heading\"><strong>OSCAR BALLONS <\/strong><\/h1>\n\n\n\n<p><\/p>\n\n\n\n<p><\/p>\n\n\n\n<p>Le site est actuellement en mise \u00e0 jour .<\/p>\n\n\n\n<p>Nous sommes sp\u00e9cialis\u00e9s depuis 15 ans dans les d\u00e9corations \u00e0 base de ballons pour tous types d&rsquo;\u00e9v\u00e9nements  :<\/p>\n\n\n\n<ul class=\"wp-block-list\">\n<li>Entreprises \/ supermarch\u00e9s<\/li>\n\n\n\n<li>Villes \/ Mairies<\/li>\n\n\n\n<li>Comit\u00e9s d&rsquo;entreprises<\/li>\n\n\n\n<li>F\u00eates et inaugurations <\/li>\n\n\n\n<li>Mariages<\/li>\n\n\n\n<li>Anniversaires et autres <\/li>\n<\/ul>\n\n\n\n<p><\/p>\n\n\n\n<p>Nos formations , exp\u00e9riences et r\u00e9alisations  sont gages d&rsquo;un savoir faire et d&rsquo;une maitrise qui participera \u00e0 la r\u00e9ussite de votre \u00e9v\u00e8nement. <\/p>\n\n\n\n<p>Nous habillons tous types de volumes ( grandes salles \/ plafonds \/ galeries marchandes  \/ all\u00e9es de magasins )avec des \u00e9l\u00e9ments fabriqu\u00e9s et assembl\u00e9s en ballons .<\/p>\n\n\n\n<p>Il existe de nombreuses possibilit\u00e9s , th\u00e8mes et id\u00e9es pour la mise en valeur de votre lieu , que ce soit dans un style \u00e9pur\u00e9 et chic ou dans une ambiance festive et color\u00e9e .<\/p>\n\n\n\n<p>Nous travaillons avec les meilleures marques mondiales de ballons , ceux ci sont en latex naturel ( s\u00e8ve d&rsquo;h\u00e9v\u00e9as ) et sont 100% biod\u00e9gradables .<\/p>\n\n\n\n<p>Nous sommes en mesure de cr\u00e9er toutes reproductions de mascottes , logos, objets , animaux de toutes tailles de 50 cm \u00e0 5 m\u00e8tres.<\/p>\n\n\n\n<p><\/p>\n\n\n\n<p><strong>CONTACTEZ NOUS PAR MAIL : oballons@gmail.com <\/strong><\/p>\n\n\n\n<figure class=\"wp-block-image size-large\"><img loading=\"lazy\" decoding=\"async\" width=\"1024\" height=\"573\" src=\"https:\/\/oscar-ballons.com\/wp-content\/uploads\/2026\/01\/RDK8KC6-1024x573.jpg\" alt=\"\" class=\"wp-image-25\" srcset=\"https:\/\/oscar-ballons.com\/wp-content\/uploads\/2026\/01\/RDK8KC6-1024x573.jpg 1024w, https:\/\/oscar-ballons.com\/wp-content\/uploads\/2026\/01\/RDK8KC6-300x168.jpg 300w, https:\/\/oscar-ballons.com\/wp-content\/uploads\/2026\/01\/RDK8KC6-768x430.jpg 768w, https:\/\/oscar-ballons.com\/wp-content\/uploads\/2026\/01\/RDK8KC6.jpg 1440w\" sizes=\"auto, (max-width: 1024px) 100vw, 1024px\" \/><\/figure>\n\n\n\n<figure class=\"wp-block-image size-large\"><img loading=\"lazy\" decoding=\"async\" width=\"1024\" height=\"768\" src=\"https:\/\/oscar-ballons.com\/wp-content\/uploads\/2026\/01\/10687504_991172874260907_463139973881332494_o-1024x768.jpg\" alt=\"\" class=\"wp-image-29\" srcset=\"https:\/\/oscar-ballons.com\/wp-content\/uploads\/2026\/01\/10687504_991172874260907_463139973881332494_o-1024x768.jpg 1024w, https:\/\/oscar-ballons.com\/wp-content\/uploads\/2026\/01\/10687504_991172874260907_463139973881332494_o-300x225.jpg 300w, https:\/\/oscar-ballons.com\/wp-content\/uploads\/2026\/01\/10687504_991172874260907_463139973881332494_o-768x576.jpg 768w, https:\/\/oscar-ballons.com\/wp-content\/uploads\/2026\/01\/10687504_991172874260907_463139973881332494_o.jpg 1152w\" sizes=\"auto, (max-width: 1024px) 100vw, 1024px\" \/><\/figure>\n\n\n\n<figure class=\"wp-block-image size-full\"><img loading=\"lazy\" decoding=\"async\" width=\"1008\" height=\"756\" src=\"https:\/\/oscar-ballons.com\/wp-content\/uploads\/2026\/01\/16836632_1469495149762008_4467835890421691063_o.jpg\" alt=\"\" class=\"wp-image-30\" srcset=\"https:\/\/oscar-ballons.com\/wp-content\/uploads\/2026\/01\/16836632_1469495149762008_4467835890421691063_o.jpg 1008w, https:\/\/oscar-ballons.com\/wp-content\/uploads\/2026\/01\/16836632_1469495149762008_4467835890421691063_o-300x225.jpg 300w, https:\/\/oscar-ballons.com\/wp-content\/uploads\/2026\/01\/16836632_1469495149762008_4467835890421691063_o-768x576.jpg 768w\" sizes=\"auto, (max-width: 1008px) 100vw, 1008px\" \/><\/figure>\n\n\n\n<figure class=\"wp-block-image size-large\"><img loading=\"lazy\" decoding=\"async\" width=\"1024\" height=\"768\" src=\"https:\/\/oscar-ballons.com\/wp-content\/uploads\/2026\/01\/22382528_1749933235051530_2938080709519144645_o-1024x768.jpg\" alt=\"\" class=\"wp-image-31\" srcset=\"https:\/\/oscar-ballons.com\/wp-content\/uploads\/2026\/01\/22382528_1749933235051530_2938080709519144645_o-1024x768.jpg 1024w, https:\/\/oscar-ballons.com\/wp-content\/uploads\/2026\/01\/22382528_1749933235051530_2938080709519144645_o-300x225.jpg 300w, https:\/\/oscar-ballons.com\/wp-content\/uploads\/2026\/01\/22382528_1749933235051530_2938080709519144645_o-768x576.jpg 768w, https:\/\/oscar-ballons.com\/wp-content\/uploads\/2026\/01\/22382528_1749933235051530_2938080709519144645_o-1536x1152.jpg 1536w, https:\/\/oscar-ballons.com\/wp-content\/uploads\/2026\/01\/22382528_1749933235051530_2938080709519144645_o.jpg 1812w\" sizes=\"auto, (max-width: 1024px) 100vw, 1024px\" \/><\/figure>\n\n\n\n<figure class=\"wp-block-image size-large\"><img loading=\"lazy\" decoding=\"async\" width=\"1024\" height=\"485\" src=\"https:\/\/oscar-ballons.com\/wp-content\/uploads\/2026\/01\/124422060_3981839648527533_5307612482043377928_o-1024x485.jpg\" alt=\"\" class=\"wp-image-34\" srcset=\"https:\/\/oscar-ballons.com\/wp-content\/uploads\/2026\/01\/124422060_3981839648527533_5307612482043377928_o-1024x485.jpg 1024w, https:\/\/oscar-ballons.com\/wp-content\/uploads\/2026\/01\/124422060_3981839648527533_5307612482043377928_o-300x142.jpg 300w, https:\/\/oscar-ballons.com\/wp-content\/uploads\/2026\/01\/124422060_3981839648527533_5307612482043377928_o-768x364.jpg 768w, https:\/\/oscar-ballons.com\/wp-content\/uploads\/2026\/01\/124422060_3981839648527533_5307612482043377928_o.jpg 1350w\" sizes=\"auto, (max-width: 1024px) 100vw, 1024px\" \/><\/figure>\n\n\n\n<p>OSCAR BALLONS<br>6 rue du Luttenbach<br>67220 Vill\u00e9<br>oballons@gmail.com<br>SIRET 428.757.074 00052<br>immatricul\u00e9 428757074 RCS Colmar<br><\/p>\n\n\n\n<p class=\"has-text-align-center\"><strong>\u00a0\u00bb Une d\u00e9coration ballons ne s&rsquo;improvise pas , faites confiance \u00e0 un professionnel du domaine&rsquo;<\/strong><\/p>\n\n\n\n<figure class=\"wp-block-image size-large\"><img loading=\"lazy\" decoding=\"async\" width=\"1024\" height=\"768\" src=\"https:\/\/oscar-ballons.com\/wp-content\/uploads\/2026\/01\/20180728_152948-1024x768.jpg\" alt=\"\" class=\"wp-image-118\" srcset=\"https:\/\/oscar-ballons.com\/wp-content\/uploads\/2026\/01\/20180728_152948-1024x768.jpg 1024w, https:\/\/oscar-ballons.com\/wp-content\/uploads\/2026\/01\/20180728_152948-300x225.jpg 300w, https:\/\/oscar-ballons.com\/wp-content\/uploads\/2026\/01\/20180728_152948-768x576.jpg 768w, https:\/\/oscar-ballons.com\/wp-content\/uploads\/2026\/01\/20180728_152948-1536x1152.jpg 1536w, https:\/\/oscar-ballons.com\/wp-content\/uploads\/2026\/01\/20180728_152948-2048x1536.jpg 2048w\" sizes=\"auto, (max-width: 1024px) 100vw, 1024px\" \/><\/figure>\n\n\n\n<figure class=\"wp-block-image size-full\"><img loading=\"lazy\" decoding=\"async\" width=\"640\" height=\"960\" src=\"https:\/\/oscar-ballons.com\/wp-content\/uploads\/2026\/01\/1395164_859901277388068_6785366354149103147_n.jpg\" alt=\"\" class=\"wp-image-119\" srcset=\"https:\/\/oscar-ballons.com\/wp-content\/uploads\/2026\/01\/1395164_859901277388068_6785366354149103147_n.jpg 640w, https:\/\/oscar-ballons.com\/wp-content\/uploads\/2026\/01\/1395164_859901277388068_6785366354149103147_n-200x300.jpg 200w\" sizes=\"auto, (max-width: 640px) 100vw, 640px\" \/><\/figure>\n\n\n\n<figure class=\"wp-block-image size-large\"><img loading=\"lazy\" decoding=\"async\" width=\"473\" height=\"1024\" src=\"https:\/\/oscar-ballons.com\/wp-content\/uploads\/2026\/01\/20251122_165641-473x1024.jpg\" alt=\"\" class=\"wp-image-120\" srcset=\"https:\/\/oscar-ballons.com\/wp-content\/uploads\/2026\/01\/20251122_165641-473x1024.jpg 473w, https:\/\/oscar-ballons.com\/wp-content\/uploads\/2026\/01\/20251122_165641-139x300.jpg 139w, https:\/\/oscar-ballons.com\/wp-content\/uploads\/2026\/01\/20251122_165641-768x1662.jpg 768w, https:\/\/oscar-ballons.com\/wp-content\/uploads\/2026\/01\/20251122_165641-710x1536.jpg 710w, https:\/\/oscar-ballons.com\/wp-content\/uploads\/2026\/01\/20251122_165641-946x2048.jpg 946w, https:\/\/oscar-ballons.com\/wp-content\/uploads\/2026\/01\/20251122_165641-scaled.jpg 1183w\" sizes=\"auto, (max-width: 473px) 100vw, 473px\" \/><\/figure>\n\n\n\n<figure class=\"wp-block-image size-full\"><img loading=\"lazy\" decoding=\"async\" width=\"800\" height=\"600\" src=\"https:\/\/oscar-ballons.com\/wp-content\/uploads\/2026\/01\/11935599_1027761893935338_748399648028338910_o.jpg\" alt=\"\" class=\"wp-image-121\" srcset=\"https:\/\/oscar-ballons.com\/wp-content\/uploads\/2026\/01\/11935599_1027761893935338_748399648028338910_o.jpg 800w, https:\/\/oscar-ballons.com\/wp-content\/uploads\/2026\/01\/11935599_1027761893935338_748399648028338910_o-300x225.jpg 300w, https:\/\/oscar-ballons.com\/wp-content\/uploads\/2026\/01\/11935599_1027761893935338_748399648028338910_o-768x576.jpg 768w\" sizes=\"auto, (max-width: 800px) 100vw, 800px\" \/><\/figure>\n\n\n\n<figure class=\"wp-block-image size-full\"><img loading=\"lazy\" decoding=\"async\" width=\"272\" height=\"504\" src=\"https:\/\/oscar-ballons.com\/wp-content\/uploads\/2026\/01\/84636793_1364414910396395_5598190974971936768_n.jpg\" alt=\"\" class=\"wp-image-122\" srcset=\"https:\/\/oscar-ballons.com\/wp-content\/uploads\/2026\/01\/84636793_1364414910396395_5598190974971936768_n.jpg 272w, https:\/\/oscar-ballons.com\/wp-content\/uploads\/2026\/01\/84636793_1364414910396395_5598190974971936768_n-162x300.jpg 162w\" sizes=\"auto, (max-width: 272px) 100vw, 272px\" \/><\/figure>\n\n\n\n<figure class=\"wp-block-image size-full\"><img loading=\"lazy\" decoding=\"async\" width=\"960\" height=\"960\" src=\"https:\/\/oscar-ballons.com\/wp-content\/uploads\/2026\/01\/FB_IMG_1755071044190.jpg\" alt=\"\" class=\"wp-image-123\" srcset=\"https:\/\/oscar-ballons.com\/wp-content\/uploads\/2026\/01\/FB_IMG_1755071044190.jpg 960w, https:\/\/oscar-ballons.com\/wp-content\/uploads\/2026\/01\/FB_IMG_1755071044190-300x300.jpg 300w, https:\/\/oscar-ballons.com\/wp-content\/uploads\/2026\/01\/FB_IMG_1755071044190-150x150.jpg 150w, https:\/\/oscar-ballons.com\/wp-content\/uploads\/2026\/01\/FB_IMG_1755071044190-768x768.jpg 768w\" sizes=\"auto, (max-width: 960px) 100vw, 960px\" \/><\/figure>\n","protected":false},"excerpt":{"rendered":"<p>OSCAR BALLONS Le site est actuellement en mise \u00e0 jour . Nous sommes sp\u00e9cialis\u00e9s depuis 15 ans dans les d\u00e9corations \u00e0 base de ballons pour tous types d&rsquo;\u00e9v\u00e9nements : Nos formations , exp\u00e9riences et r\u00e9alisations sont gages d&rsquo;un savoir faire et d&rsquo;une maitrise qui participera \u00e0 la r\u00e9ussite de votre \u00e9v\u00e8nement. Nous habillons tous types [&hellip;]<\/p>\n","protected":false},"author":1,"featured_media":0,"parent":0,"menu_order":0,"comment_status":"closed","ping_status":"open","template":"","meta":{"footnotes":""},"class_list":["post-2","page","type-page","status-publish","hentry"],"_links":{"self":[{"href":"https:\/\/oscar-ballons.com\/index.php\/wp-json\/wp\/v2\/pages\/2","targetHints":{"allow":["GET"]}}],"collection":[{"href":"https:\/\/oscar-ballons.com\/index.php\/wp-json\/wp\/v2\/pages"}],"about":[{"href":"https:\/\/oscar-ballons.com\/index.php\/wp-json\/wp\/v2\/types\/page"}],"author":[{"embeddable":true,"href":"https:\/\/oscar-ballons.com\/index.php\/wp-json\/wp\/v2\/users\/1"}],"replies":[{"embeddable":true,"href":"https:\/\/oscar-ballons.com\/index.php\/wp-json\/wp\/v2\/comments?post=2"}],"version-history":[{"count":11,"href":"https:\/\/oscar-ballons.com\/index.php\/wp-json\/wp\/v2\/pages\/2\/revisions"}],"predecessor-version":[{"id":125,"href":"https:\/\/oscar-ballons.com\/index.php\/wp-json\/wp\/v2\/pages\/2\/revisions\/125"}],"wp:attachment":[{"href":"https:\/\/oscar-ballons.com\/index.php\/wp-json\/wp\/v2\/media?parent=2"}],"curies":[{"name":"wp","href":"https:\/\/api.w.org\/{rel}","templated":true}]}}